{"id":1297,"date":"2024-03-21T12:32:13","date_gmt":"2024-03-21T15:32:13","guid":{"rendered":"https:\/\/exporealestatebolivia.com\/?page_id=1297"},"modified":"2024-04-24T10:15:44","modified_gmt":"2024-04-24T13:15:44","slug":"organiza","status":"publish","type":"page","link":"https:\/\/exporealestatebolivia.com\/?page_id=1297","title":{"rendered":"Organiza"},"content":{"rendered":"\t\t<div data-elementor-type=\"wp-page\" data-elementor-id=\"1297\" class=\"elementor elementor-1297\">\n\t\t\t\t\t\t<section class=\"elementor-section elementor-top-section elementor-element elementor-element-49c1e17 elementor-section-full_width elementor-section-stretched elementor-section-height-default elementor-section-height-default\" data-id=\"49c1e17\" data-element_type=\"section\" data-settings=\"{&quot;stretch_section&quot;:&quot;section-stretched&quot;,&quot;background_background&quot;:&quot;classic&quot;}\">\n\t\t\t\t\t\t\t<div class=\"elementor-background-overlay\"><\/div>\n\t\t\t\t\t\t\t<div class=\"elementor-container elementor-column-gap-default\">\n\t\t\t\t\t<div class=\"aux-parallax-section elementor-column elementor-col-100 elementor-top-column elementor-element elementor-element-d7cd4a6\" data-id=\"d7cd4a6\" data-element_type=\"column\">\n\t\t\t<div class=\"elementor-widget-wrap elementor-element-populated\">\n\t\t\t\t\t\t<div class=\"elementor-element elementor-element-c0d5598 elementor-widget elementor-widget-heading\" data-id=\"c0d5598\" data-element_type=\"widget\" data-widget_type=\"heading.default\">\n\t\t\t\t<div class=\"elementor-widget-container\">\n\t\t\t\t\t<h2 class=\"elementor-heading-title elementor-size-default\">organizaN<\/h2>\t\t\t\t<\/div>\n\t\t\t\t<\/div>\n\t\t\t\t\t<\/div>\n\t\t<\/div>\n\t\t\t\t\t<\/div>\n\t\t<\/section>\n\t\t\t\t<section class=\"elementor-section elementor-top-section elementor-element elementor-element-460f4fc elementor-section-boxed elementor-section-height-default elementor-section-height-default\" data-id=\"460f4fc\" data-element_type=\"section\">\n\t\t\t\t\t\t<div class=\"elementor-container elementor-column-gap-default\">\n\t\t\t\t\t<div class=\"aux-parallax-section elementor-column elementor-col-50 elementor-top-column elementor-element elementor-element-61b70c4\" data-id=\"61b70c4\" data-element_type=\"column\">\n\t\t\t<div class=\"elementor-widget-wrap elementor-element-populated\">\n\t\t\t\t\t\t<div class=\"elementor-element elementor-element-b753526 elementor-widget elementor-widget-image\" data-id=\"b753526\" data-element_type=\"widget\" data-widget_type=\"image.default\">\n\t\t\t\t<div class=\"elementor-widget-container\">\n\t\t\t\t\t\t\t\t\t\t\t\t\t\t\t<img decoding=\"async\" width=\"247\" height=\"141\" src=\"https:\/\/exporealestatebolivia.com\/wp-content\/uploads\/2024\/04\/Recurso-5.png\" class=\"attachment-large size-large wp-image-1509\" alt=\"\" srcset=\"https:\/\/exporealestatebolivia.com\/wp-content\/uploads\/2024\/04\/Recurso-5.png 247w, https:\/\/exporealestatebolivia.com\/wp-content\/uploads\/2024\/04\/Recurso-5-200x114.png 200w\" sizes=\"(max-width: 247px) 100vw, 247px\" \/>\t\t\t\t\t\t\t\t\t\t\t\t\t\t\t<\/div>\n\t\t\t\t<\/div>\n\t\t\t\t\t<\/div>\n\t\t<\/div>\n\t\t\t\t<div class=\"aux-parallax-section elementor-column elementor-col-50 elementor-top-column elementor-element elementor-element-48028cf\" data-id=\"48028cf\" data-element_type=\"column\">\n\t\t\t<div class=\"elementor-widget-wrap elementor-element-populated\">\n\t\t\t\t\t\t<div class=\"elementor-element elementor-element-f467a6e elementor-widget elementor-widget-image\" data-id=\"f467a6e\" data-element_type=\"widget\" data-widget_type=\"image.default\">\n\t\t\t\t<div class=\"elementor-widget-container\">\n\t\t\t\t\t\t\t\t\t\t\t\t\t\t\t<img decoding=\"async\" width=\"452\" height=\"107\" src=\"https:\/\/exporealestatebolivia.com\/wp-content\/uploads\/2024\/04\/Recurso-6.png\" class=\"attachment-large size-large wp-image-1510\" alt=\"\" srcset=\"https:\/\/exporealestatebolivia.com\/wp-content\/uploads\/2024\/04\/Recurso-6.png 452w, https:\/\/exporealestatebolivia.com\/wp-content\/uploads\/2024\/04\/Recurso-6-200x47.png 200w\" sizes=\"(max-width: 452px) 100vw, 452px\" \/>\t\t\t\t\t\t\t\t\t\t\t\t\t\t\t<\/div>\n\t\t\t\t<\/div>\n\t\t\t\t\t<\/div>\n\t\t<\/div>\n\t\t\t\t\t<\/div>\n\t\t<\/section>\n\t\t\t\t<section class=\"elementor-section elementor-top-section elementor-element elementor-element-23ce28ac elementor-section-full_width elementor-section-stretched elementor-section-height-default elementor-section-height-default\" data-id=\"23ce28ac\" data-element_type=\"section\" id=\"organizan\" data-settings=\"{&quot;background_background&quot;:&quot;slideshow&quot;,&quot;background_slideshow_gallery&quot;:[{&quot;id&quot;:232,&quot;url&quot;:&quot;http:\\\/\\\/exporealestatebolivia.com\\\/wp-content\\\/uploads\\\/2023\\\/09\\\/ciudad-destellos-luz-calles-noche-copy-1.jpg&quot;}],&quot;stretch_section&quot;:&quot;section-stretched&quot;,&quot;background_slideshow_loop&quot;:&quot;yes&quot;,&quot;background_slideshow_slide_duration&quot;:5000,&quot;background_slideshow_slide_transition&quot;:&quot;fade&quot;,&quot;background_slideshow_transition_duration&quot;:500}\">\n\t\t\t\t\t\t\t<div class=\"elementor-background-overlay\"><\/div>\n\t\t\t\t\t\t\t<div class=\"elementor-container elementor-column-gap-default\">\n\t\t\t\t\t<div class=\"aux-parallax-section elementor-column elementor-col-100 elementor-top-column elementor-element elementor-element-1b87b650\" data-id=\"1b87b650\" data-element_type=\"column\">\n\t\t\t<div class=\"elementor-widget-wrap elementor-element-populated\">\n\t\t\t\t\t\t<section class=\"elementor-section elementor-inner-section elementor-element elementor-element-21d14467 elementor-section-boxed elementor-section-height-default elementor-section-height-default\" data-id=\"21d14467\" data-element_type=\"section\">\n\t\t\t\t\t\t<div class=\"elementor-container elementor-column-gap-default\">\n\t\t\t\t\t<div class=\"aux-parallax-section elementor-column elementor-col-50 elementor-inner-column elementor-element elementor-element-39865095\" data-id=\"39865095\" data-element_type=\"column\">\n\t\t\t<div class=\"elementor-widget-wrap elementor-element-populated\">\n\t\t\t\t\t\t<div class=\"elementor-element elementor-element-4811a2fa elementor-widget elementor-widget-image\" data-id=\"4811a2fa\" data-element_type=\"widget\" data-widget_type=\"image.default\">\n\t\t\t\t<div class=\"elementor-widget-container\">\n\t\t\t\t\t\t\t\t\t\t\t\t\t\t\t<img fetchpriority=\"high\" decoding=\"async\" width=\"630\" height=\"181\" src=\"https:\/\/exporealestatebolivia.com\/wp-content\/uploads\/2023\/09\/Recurso-2.png\" class=\"attachment-large size-large wp-image-227\" alt=\"\" srcset=\"https:\/\/exporealestatebolivia.com\/wp-content\/uploads\/2023\/09\/Recurso-2.png 630w, https:\/\/exporealestatebolivia.com\/wp-content\/uploads\/2023\/09\/Recurso-2-200x57.png 200w\" sizes=\"(max-width: 630px) 100vw, 630px\" \/>\t\t\t\t\t\t\t\t\t\t\t\t\t\t\t<\/div>\n\t\t\t\t<\/div>\n\t\t\t\t\t<\/div>\n\t\t<\/div>\n\t\t\t\t<div class=\"aux-parallax-section elementor-column elementor-col-50 elementor-inner-column elementor-element elementor-element-d338a10\" data-id=\"d338a10\" data-element_type=\"column\">\n\t\t\t<div class=\"elementor-widget-wrap elementor-element-populated\">\n\t\t\t\t\t\t<div class=\"elementor-element elementor-element-6bfc036b elementor-widget elementor-widget-text-editor\" data-id=\"6bfc036b\" data-element_type=\"widget\" data-widget_type=\"text-editor.default\">\n\t\t\t\t<div class=\"elementor-widget-container\">\n\t\t\t\t\t\t\t\t\t<div class=\"wtbx_vc_styled_heading wtbx_vc_styled_heading-186468143 wtbx_style_default\"><div class=\"wtbx_vc_el_container wtbx_vc_styled_heading_container clearfix\"><div class=\"wtbx_vc_el_inner wtbx_vc_styled_heading_inner\"><div class=\"wtbx_heading_el_title_wrapper h5\"><h5 class=\"wtbx_heading_el_title wtbx-text\">Generamos ecosistemas de oportunidades creando la red Peer-to-peer (P2P) m\u00e1s potente del mundo del Real Estate para hacer m\u00e1s y mejores negocios.<\/h5><\/div><\/div><\/div><\/div><div class=\"wtbx_vc_text_element wtbx_vc_text_element-186468372 wtbx_display_block wtbx_disable_margin\"><div class=\"wtbx_vc_el_container wtbx_vc_text_element_container\"><div class=\"wtbx_text_element_content\"><div class=\"wtbx_text_element_inner\"><p>Hace m\u00e1s de 20 a\u00f1os que abrimos posibilidades de negocio infinitas, fomentando v\u00ednculos y combinaciones significativas entre personas de alt\u00edsimo valor y con esp\u00edritu de crecimiento a trav\u00e9s de Exposiciones, Congresos, Plataformas digitales, Business &amp; Study Tours, Escuelas de negocios, Editoriales, Foros, Summits, Concursos.<\/p><p>Descubrimos posibilidades inimaginables de negocio para tomar decisiones sostenibles que aceleran tu \u00e9xito.<\/p><\/div><\/div><\/div><\/div>\t\t\t\t\t\t\t\t<\/div>\n\t\t\t\t<\/div>\n\t\t\t\t\t<\/div>\n\t\t<\/div>\n\t\t\t\t\t<\/div>\n\t\t<\/section>\n\t\t\t\t<section class=\"elementor-section elementor-inner-section elementor-element elementor-element-78d302d1 elementor-section-boxed elementor-section-height-default elementor-section-height-default\" data-id=\"78d302d1\" data-element_type=\"section\">\n\t\t\t\t\t\t<div class=\"elementor-container elementor-column-gap-default\">\n\t\t\t\t\t<div class=\"aux-parallax-section elementor-column elementor-col-25 elementor-inner-column elementor-element elementor-element-7b38cdd0\" data-id=\"7b38cdd0\" data-element_type=\"column\">\n\t\t\t<div class=\"elementor-widget-wrap elementor-element-populated\">\n\t\t\t\t\t\t<div class=\"elementor-element elementor-element-21dbe3aa elementor-widget elementor-widget-counter\" data-id=\"21dbe3aa\" data-element_type=\"widget\" data-widget_type=\"counter.default\">\n\t\t\t\t<div class=\"elementor-widget-container\">\n\t\t\t\t\t\t\t<div class=\"elementor-counter\">\n\t\t\t<div class=\"elementor-counter-title\">Eventos presenciales<\/div>\t\t\t<div class=\"elementor-counter-number-wrapper\">\n\t\t\t\t<span class=\"elementor-counter-number-prefix\">+<\/span>\n\t\t\t\t<span class=\"elementor-counter-number\" data-duration=\"2000\" data-to-value=\"300\" data-from-value=\"0\" data-delimiter=\",\">0<\/span>\n\t\t\t\t<span class=\"elementor-counter-number-suffix\"><\/span>\n\t\t\t<\/div>\n\t\t<\/div>\n\t\t\t\t\t\t<\/div>\n\t\t\t\t<\/div>\n\t\t\t\t\t<\/div>\n\t\t<\/div>\n\t\t\t\t<div class=\"aux-parallax-section elementor-column elementor-col-25 elementor-inner-column elementor-element elementor-element-55d18d6\" data-id=\"55d18d6\" data-element_type=\"column\">\n\t\t\t<div class=\"elementor-widget-wrap elementor-element-populated\">\n\t\t\t\t\t\t<div class=\"elementor-element elementor-element-24e15c74 elementor-widget elementor-widget-counter\" data-id=\"24e15c74\" data-element_type=\"widget\" data-widget_type=\"counter.default\">\n\t\t\t\t<div class=\"elementor-widget-container\">\n\t\t\t\t\t\t\t<div class=\"elementor-counter\">\n\t\t\t<div class=\"elementor-counter-title\">Participantes en sus eventos<\/div>\t\t\t<div class=\"elementor-counter-number-wrapper\">\n\t\t\t\t<span class=\"elementor-counter-number-prefix\">+<\/span>\n\t\t\t\t<span class=\"elementor-counter-number\" data-duration=\"2000\" data-to-value=\"800000\" data-from-value=\"0\" data-delimiter=\",\">0<\/span>\n\t\t\t\t<span class=\"elementor-counter-number-suffix\"><\/span>\n\t\t\t<\/div>\n\t\t<\/div>\n\t\t\t\t\t\t<\/div>\n\t\t\t\t<\/div>\n\t\t\t\t\t<\/div>\n\t\t<\/div>\n\t\t\t\t<div class=\"aux-parallax-section elementor-column elementor-col-25 elementor-inner-column elementor-element elementor-element-7dfe18e4\" data-id=\"7dfe18e4\" data-element_type=\"column\">\n\t\t\t<div class=\"elementor-widget-wrap elementor-element-populated\">\n\t\t\t\t\t\t<div class=\"elementor-element elementor-element-ba181f7 elementor-widget elementor-widget-counter\" data-id=\"ba181f7\" data-element_type=\"widget\" data-widget_type=\"counter.default\">\n\t\t\t\t<div class=\"elementor-widget-container\">\n\t\t\t\t\t\t\t<div class=\"elementor-counter\">\n\t\t\t<div class=\"elementor-counter-title\">Pa\u00edses fueron host de sus eventos<\/div>\t\t\t<div class=\"elementor-counter-number-wrapper\">\n\t\t\t\t<span class=\"elementor-counter-number-prefix\"><\/span>\n\t\t\t\t<span class=\"elementor-counter-number\" data-duration=\"2000\" data-to-value=\"14\" data-from-value=\"0\" data-delimiter=\",\">0<\/span>\n\t\t\t\t<span class=\"elementor-counter-number-suffix\"><\/span>\n\t\t\t<\/div>\n\t\t<\/div>\n\t\t\t\t\t\t<\/div>\n\t\t\t\t<\/div>\n\t\t\t\t\t<\/div>\n\t\t<\/div>\n\t\t\t\t<div class=\"aux-parallax-section elementor-column elementor-col-25 elementor-inner-column elementor-element elementor-element-3269a80f\" data-id=\"3269a80f\" data-element_type=\"column\">\n\t\t\t<div class=\"elementor-widget-wrap elementor-element-populated\">\n\t\t\t\t\t\t<div class=\"elementor-element elementor-element-7ee28ecd elementor-widget elementor-widget-counter\" data-id=\"7ee28ecd\" data-element_type=\"widget\" data-widget_type=\"counter.default\">\n\t\t\t\t<div class=\"elementor-widget-container\">\n\t\t\t\t\t\t\t<div class=\"elementor-counter\">\n\t\t\t<div class=\"elementor-counter-title\">A\u00f1os en el mercado<\/div>\t\t\t<div class=\"elementor-counter-number-wrapper\">\n\t\t\t\t<span class=\"elementor-counter-number-prefix\">+<\/span>\n\t\t\t\t<span class=\"elementor-counter-number\" data-duration=\"2000\" data-to-value=\"20\" data-from-value=\"0\" data-delimiter=\",\">0<\/span>\n\t\t\t\t<span class=\"elementor-counter-number-suffix\"><\/span>\n\t\t\t<\/div>\n\t\t<\/div>\n\t\t\t\t\t\t<\/div>\n\t\t\t\t<\/div>\n\t\t\t\t\t<\/div>\n\t\t<\/div>\n\t\t\t\t\t<\/div>\n\t\t<\/section>\n\t\t\t\t<div class=\"elementor-element elementor-element-342d7b12 elementor-widget elementor-widget-video\" data-id=\"342d7b12\" data-element_type=\"widget\" data-settings=\"{&quot;youtube_url&quot;:&quot;https:\\\/\\\/www.youtube.com\\\/watch?v=M5afs3OWecE&quot;,&quot;autoplay&quot;:&quot;yes&quot;,&quot;mute&quot;:&quot;yes&quot;,&quot;loop&quot;:&quot;yes&quot;,&quot;play_on_mobile&quot;:&quot;yes&quot;,&quot;video_type&quot;:&quot;youtube&quot;,&quot;controls&quot;:&quot;yes&quot;}\" data-widget_type=\"video.default\">\n\t\t\t\t<div class=\"elementor-widget-container\">\n\t\t\t\t\t\t\t<div class=\"elementor-wrapper elementor-open-inline\">\n\t\t\t<div class=\"elementor-video\"><\/div>\t\t<\/div>\n\t\t\t\t\t\t<\/div>\n\t\t\t\t<\/div>\n\t\t\t\t\t<\/div>\n\t\t<\/div>\n\t\t\t\t\t<\/div>\n\t\t<\/section>\n\t\t\t\t<section class=\"elementor-section elementor-top-section elementor-element elementor-element-62e94fa elementor-section-boxed elementor-section-height-default elementor-section-height-default\" data-id=\"62e94fa\" data-element_type=\"section\">\n\t\t\t\t\t\t<div class=\"elementor-container elementor-column-gap-default\">\n\t\t\t\t\t<div class=\"aux-parallax-section elementor-column elementor-col-100 elementor-top-column elementor-element elementor-element-7c114d6\" data-id=\"7c114d6\" data-element_type=\"column\">\n\t\t\t<div class=\"elementor-widget-wrap elementor-element-populated\">\n\t\t\t\t\t\t<div class=\"elementor-element elementor-element-43a340b elementor-widget elementor-widget-image\" data-id=\"43a340b\" data-element_type=\"widget\" data-widget_type=\"image.default\">\n\t\t\t\t<div class=\"elementor-widget-container\">\n\t\t\t\t\t\t\t\t\t\t\t\t\t\t\t<img loading=\"lazy\" decoding=\"async\" width=\"2894\" height=\"781\" src=\"https:\/\/exporealestatebolivia.com\/wp-content\/uploads\/2023\/10\/logos-sg_Mesa-de-trabajo-1.png\" class=\"attachment-full size-full wp-image-435\" alt=\"\" srcset=\"https:\/\/exporealestatebolivia.com\/wp-content\/uploads\/2023\/10\/logos-sg_Mesa-de-trabajo-1.png 2894w, https:\/\/exporealestatebolivia.com\/wp-content\/uploads\/2023\/10\/logos-sg_Mesa-de-trabajo-1-1536x415.png 1536w, https:\/\/exporealestatebolivia.com\/wp-content\/uploads\/2023\/10\/logos-sg_Mesa-de-trabajo-1-2048x553.png 2048w, https:\/\/exporealestatebolivia.com\/wp-content\/uploads\/2023\/10\/logos-sg_Mesa-de-trabajo-1-200x54.png 200w\" sizes=\"(max-width: 2894px) 100vw, 2894px\" \/>\t\t\t\t\t\t\t\t\t\t\t\t\t\t\t<\/div>\n\t\t\t\t<\/div>\n\t\t\t\t\t<\/div>\n\t\t<\/div>\n\t\t\t\t\t<\/div>\n\t\t<\/section>\n\t\t\t\t<\/div>\n\t\t","protected":false},"excerpt":{"rendered":"<p>organizaN Generamos ecosistemas de oportunidades creando la red Peer-to-peer (P2P) m\u00e1s potente del mundo del Real Estate para hacer m\u00e1s y mejores negocios. Hace m\u00e1s de 20 a\u00f1os que abrimos posibilidades de negocio infinitas, fomentando v\u00ednculos y combinaciones significativas entre personas de alt\u00edsimo valor y con esp\u00edritu de crecimiento a trav\u00e9s de Exposiciones, Congresos, Plataformas [&hellip;]<\/p>\n","protected":false},"author":1,"featured_media":0,"parent":0,"menu_order":0,"comment_status":"closed","ping_status":"closed","template":"","meta":{"footnotes":""},"class_list":["post-1297","page","type-page","status-publish","hentry"],"_links":{"self":[{"href":"https:\/\/exporealestatebolivia.com\/index.php?rest_route=\/wp\/v2\/pages\/1297","targetHints":{"allow":["GET"]}}],"collection":[{"href":"https:\/\/exporealestatebolivia.com\/index.php?rest_route=\/wp\/v2\/pages"}],"about":[{"href":"https:\/\/exporealestatebolivia.com\/index.php?rest_route=\/wp\/v2\/types\/page"}],"author":[{"embeddable":true,"href":"https:\/\/exporealestatebolivia.com\/index.php?rest_route=\/wp\/v2\/users\/1"}],"replies":[{"embeddable":true,"href":"https:\/\/exporealestatebolivia.com\/index.php?rest_route=%2Fwp%2Fv2%2Fcomments&post=1297"}],"version-history":[{"count":7,"href":"https:\/\/exporealestatebolivia.com\/index.php?rest_route=\/wp\/v2\/pages\/1297\/revisions"}],"predecessor-version":[{"id":1578,"href":"https:\/\/exporealestatebolivia.com\/index.php?rest_route=\/wp\/v2\/pages\/1297\/revisions\/1578"}],"wp:attachment":[{"href":"https:\/\/exporealestatebolivia.com\/index.php?rest_route=%2Fwp%2Fv2%2Fmedia&parent=1297"}],"curies":[{"name":"wp","href":"https:\/\/api.w.org\/{rel}","templated":true}]}}